{"id":18,"date":"2022-04-25T17:19:20","date_gmt":"2022-04-25T15:19:20","guid":{"rendered":"https:\/\/adm.debica.pl\/?page_id=18"},"modified":"2024-09-30T20:32:13","modified_gmt":"2024-09-30T18:32:13","slug":"ogloszenia","status":"publish","type":"page","link":"https:\/\/adm.debica.pl\/?page_id=18","title":{"rendered":"OG\u0141OSZENIA"},"content":{"rendered":"<ul class=\"wp-block-latest-posts__list wp-block-latest-posts\"><li><a class=\"wp-block-latest-posts__post-title\" href=\"https:\/\/adm.debica.pl\/?p=808\">Informacja 10.11.2025<\/a><div class=\"wp-block-latest-posts__post-full-content\"><!-- wp:image {\"id\":809,\"sizeSlug\":\"large\",\"linkDestination\":\"none\"} -->\n<figure class=\"wp-block-image size-large\"><img loading=\"lazy\" decoding=\"async\" width=\"1024\" height=\"704\" src=\"https:\/\/adm.debica.pl\/wp-content\/uploads\/2025\/11\/Zrzut-ekranu-2025-11-03-072804-1024x704.png\" alt=\"\" class=\"wp-image-809\" srcset=\"https:\/\/adm.debica.pl\/wp-content\/uploads\/2025\/11\/Zrzut-ekranu-2025-11-03-072804-1024x704.png 1024w, https:\/\/adm.debica.pl\/wp-content\/uploads\/2025\/11\/Zrzut-ekranu-2025-11-03-072804-300x206.png 300w, https:\/\/adm.debica.pl\/wp-content\/uploads\/2025\/11\/Zrzut-ekranu-2025-11-03-072804-768x528.png 768w, https:\/\/adm.debica.pl\/wp-content\/uploads\/2025\/11\/Zrzut-ekranu-2025-11-03-072804-1536x1056.png 1536w, https:\/\/adm.debica.pl\/wp-content\/uploads\/2025\/11\/Zrzut-ekranu-2025-11-03-072804-169x116.png 169w, https:\/\/adm.debica.pl\/wp-content\/uploads\/2025\/11\/Zrzut-ekranu-2025-11-03-072804.png 1819w\" sizes=\"auto, (max-width: 1024px) 100vw, 1024px\" \/><\/figure>\n<!-- \/wp:image --><\/div><\/li>\n<li><a class=\"wp-block-latest-posts__post-title\" href=\"https:\/\/adm.debica.pl\/?p=798\">Informacja 29.04.2025<\/a><div class=\"wp-block-latest-posts__post-full-content\"><!-- wp:image {\"id\":799,\"sizeSlug\":\"large\",\"linkDestination\":\"none\"} -->\n<figure class=\"wp-block-image size-large\"><img loading=\"lazy\" decoding=\"async\" width=\"1024\" height=\"721\" src=\"https:\/\/adm.debica.pl\/wp-content\/uploads\/2025\/04\/Ogloszenie2Maja-1024x721.png\" alt=\"\" class=\"wp-image-799\" srcset=\"https:\/\/adm.debica.pl\/wp-content\/uploads\/2025\/04\/Ogloszenie2Maja-1024x721.png 1024w, https:\/\/adm.debica.pl\/wp-content\/uploads\/2025\/04\/Ogloszenie2Maja-300x211.png 300w, https:\/\/adm.debica.pl\/wp-content\/uploads\/2025\/04\/Ogloszenie2Maja-768x541.png 768w, https:\/\/adm.debica.pl\/wp-content\/uploads\/2025\/04\/Ogloszenie2Maja-165x116.png 165w, https:\/\/adm.debica.pl\/wp-content\/uploads\/2025\/04\/Ogloszenie2Maja.png 1177w\" sizes=\"auto, (max-width: 1024px) 100vw, 1024px\" \/><\/figure>\n<!-- \/wp:image --><\/div><\/li>\n<li><a class=\"wp-block-latest-posts__post-title\" href=\"https:\/\/adm.debica.pl\/?p=770\">Informacja &#8211; 31.12.2024<\/a><div class=\"wp-block-latest-posts__post-full-content\"><!-- wp:image {\"id\":771,\"sizeSlug\":\"full\",\"linkDestination\":\"none\"} -->\n<figure class=\"wp-block-image size-full\"><img loading=\"lazy\" decoding=\"async\" width=\"850\" height=\"590\" src=\"https:\/\/adm.debica.pl\/wp-content\/uploads\/2024\/12\/Zrzut-ekranu-2024-12-31-132245.png\" alt=\"\" class=\"wp-image-771\" srcset=\"https:\/\/adm.debica.pl\/wp-content\/uploads\/2024\/12\/Zrzut-ekranu-2024-12-31-132245.png 850w, https:\/\/adm.debica.pl\/wp-content\/uploads\/2024\/12\/Zrzut-ekranu-2024-12-31-132245-300x208.png 300w, https:\/\/adm.debica.pl\/wp-content\/uploads\/2024\/12\/Zrzut-ekranu-2024-12-31-132245-768x533.png 768w, https:\/\/adm.debica.pl\/wp-content\/uploads\/2024\/12\/Zrzut-ekranu-2024-12-31-132245-167x116.png 167w\" sizes=\"auto, (max-width: 850px) 100vw, 850px\" \/><\/figure>\n<!-- \/wp:image --><\/div><\/li>\n<li><a class=\"wp-block-latest-posts__post-title\" href=\"https:\/\/adm.debica.pl\/?p=766\">Informacja &#8211; 24.12.2024 dniem wolnym w ADM.<\/a><div class=\"wp-block-latest-posts__post-full-content\"><!-- wp:image {\"id\":767,\"sizeSlug\":\"large\",\"linkDestination\":\"none\"} -->\n<figure class=\"wp-block-image size-large\"><img loading=\"lazy\" decoding=\"async\" width=\"1024\" height=\"644\" src=\"https:\/\/adm.debica.pl\/wp-content\/uploads\/2024\/12\/Wigilia-1024x644.png\" alt=\"\" class=\"wp-image-767\" srcset=\"https:\/\/adm.debica.pl\/wp-content\/uploads\/2024\/12\/Wigilia-1024x644.png 1024w, https:\/\/adm.debica.pl\/wp-content\/uploads\/2024\/12\/Wigilia-300x189.png 300w, https:\/\/adm.debica.pl\/wp-content\/uploads\/2024\/12\/Wigilia-768x483.png 768w, https:\/\/adm.debica.pl\/wp-content\/uploads\/2024\/12\/Wigilia-184x116.png 184w, https:\/\/adm.debica.pl\/wp-content\/uploads\/2024\/12\/Wigilia.png 1098w\" sizes=\"auto, (max-width: 1024px) 100vw, 1024px\" \/><\/figure>\n<!-- \/wp:image --><\/div><\/li>\n<li><a class=\"wp-block-latest-posts__post-title\" href=\"https:\/\/adm.debica.pl\/?p=755\">Informacja 30.09.2024<\/a><div class=\"wp-block-latest-posts__post-full-content\"><!-- wp:paragraph -->\n<p><strong>Szanowni Pa\u0144stwo informujemy, \u017ce dnia 01.10.2024 kontakt z numerami Administracji b\u0119dzie utrudniony z powodu braku pr\u0105du. W tym dniu zaleca si\u0119 kontakt pod numerem +48 516 105 921<\/strong><\/p>\n<!-- \/wp:paragraph --><\/div><\/li>\n<li><a class=\"wp-block-latest-posts__post-title\" href=\"https:\/\/adm.debica.pl\/?p=736\">Informacja 20.03.2024<\/a><div class=\"wp-block-latest-posts__post-full-content\"><!-- wp:image {\"id\":737,\"sizeSlug\":\"large\",\"linkDestination\":\"none\"} -->\n<figure class=\"wp-block-image size-large\"><img loading=\"lazy\" decoding=\"async\" width=\"1024\" height=\"712\" src=\"https:\/\/adm.debica.pl\/wp-content\/uploads\/2024\/03\/InfoADM-1024x712.png\" alt=\"\" class=\"wp-image-737\" srcset=\"https:\/\/adm.debica.pl\/wp-content\/uploads\/2024\/03\/InfoADM-1024x712.png 1024w, https:\/\/adm.debica.pl\/wp-content\/uploads\/2024\/03\/InfoADM-300x209.png 300w, https:\/\/adm.debica.pl\/wp-content\/uploads\/2024\/03\/InfoADM-768x534.png 768w, https:\/\/adm.debica.pl\/wp-content\/uploads\/2024\/03\/InfoADM-167x116.png 167w, https:\/\/adm.debica.pl\/wp-content\/uploads\/2024\/03\/InfoADM.png 1202w\" sizes=\"auto, (max-width: 1024px) 100vw, 1024px\" \/><\/figure>\n<!-- \/wp:image --><\/div><\/li>\n<li><a class=\"wp-block-latest-posts__post-title\" href=\"https:\/\/adm.debica.pl\/?p=727\">Informacja 29.12.2023<\/a><div class=\"wp-block-latest-posts__post-full-content\"><!-- wp:image {\"id\":728,\"sizeSlug\":\"large\",\"linkDestination\":\"none\"} -->\n<figure class=\"wp-block-image size-large\"><img loading=\"lazy\" decoding=\"async\" width=\"1024\" height=\"683\" src=\"https:\/\/adm.debica.pl\/wp-content\/uploads\/2023\/12\/ADM_Info-1024x683.png\" alt=\"\" class=\"wp-image-728\" srcset=\"https:\/\/adm.debica.pl\/wp-content\/uploads\/2023\/12\/ADM_Info-1024x683.png 1024w, https:\/\/adm.debica.pl\/wp-content\/uploads\/2023\/12\/ADM_Info-300x200.png 300w, https:\/\/adm.debica.pl\/wp-content\/uploads\/2023\/12\/ADM_Info-768x512.png 768w, https:\/\/adm.debica.pl\/wp-content\/uploads\/2023\/12\/ADM_Info-174x116.png 174w, https:\/\/adm.debica.pl\/wp-content\/uploads\/2023\/12\/ADM_Info.png 1067w\" sizes=\"auto, (max-width: 1024px) 100vw, 1024px\" \/><\/figure>\n<!-- \/wp:image --><\/div><\/li>\n<li><a class=\"wp-block-latest-posts__post-title\" href=\"https:\/\/adm.debica.pl\/?p=723\">Informacja 04.12.2023<\/a><div class=\"wp-block-latest-posts__post-full-content\"><!-- wp:image {\"id\":724,\"sizeSlug\":\"full\",\"linkDestination\":\"none\"} -->\n<figure class=\"wp-block-image size-full\"><img loading=\"lazy\" decoding=\"async\" width=\"1003\" height=\"726\" src=\"https:\/\/adm.debica.pl\/wp-content\/uploads\/2023\/12\/Zrzut-ekranu-2023-12-04-130924.png\" alt=\"\" class=\"wp-image-724\" srcset=\"https:\/\/adm.debica.pl\/wp-content\/uploads\/2023\/12\/Zrzut-ekranu-2023-12-04-130924.png 1003w, https:\/\/adm.debica.pl\/wp-content\/uploads\/2023\/12\/Zrzut-ekranu-2023-12-04-130924-300x217.png 300w, https:\/\/adm.debica.pl\/wp-content\/uploads\/2023\/12\/Zrzut-ekranu-2023-12-04-130924-768x556.png 768w, https:\/\/adm.debica.pl\/wp-content\/uploads\/2023\/12\/Zrzut-ekranu-2023-12-04-130924-160x116.png 160w\" sizes=\"auto, (max-width: 1003px) 100vw, 1003px\" \/><\/figure>\n<!-- \/wp:image --><\/div><\/li>\n<li><a class=\"wp-block-latest-posts__post-title\" href=\"https:\/\/adm.debica.pl\/?p=715\">Informacja 2.05.2023<\/a><div class=\"wp-block-latest-posts__post-full-content\"><!-- wp:image {\"id\":716,\"sizeSlug\":\"large\",\"linkDestination\":\"none\"} -->\n<figure class=\"wp-block-image size-large\"><img loading=\"lazy\" decoding=\"async\" width=\"1024\" height=\"705\" src=\"https:\/\/adm.debica.pl\/wp-content\/uploads\/2023\/04\/Zrzut-ekranu-2023-04-25-125519-1024x705.png\" alt=\"\" class=\"wp-image-716\" srcset=\"https:\/\/adm.debica.pl\/wp-content\/uploads\/2023\/04\/Zrzut-ekranu-2023-04-25-125519-1024x705.png 1024w, https:\/\/adm.debica.pl\/wp-content\/uploads\/2023\/04\/Zrzut-ekranu-2023-04-25-125519-300x207.png 300w, https:\/\/adm.debica.pl\/wp-content\/uploads\/2023\/04\/Zrzut-ekranu-2023-04-25-125519-768x529.png 768w, https:\/\/adm.debica.pl\/wp-content\/uploads\/2023\/04\/Zrzut-ekranu-2023-04-25-125519-168x116.png 168w, https:\/\/adm.debica.pl\/wp-content\/uploads\/2023\/04\/Zrzut-ekranu-2023-04-25-125519.png 1146w\" sizes=\"auto, (max-width: 1024px) 100vw, 1024px\" \/><\/figure>\n<!-- \/wp:image --><\/div><\/li>\n<li><a class=\"wp-block-latest-posts__post-title\" href=\"https:\/\/adm.debica.pl\/?p=332\">Wsp\u00f3\u0142praca<\/a><div class=\"wp-block-latest-posts__post-full-content\"><!-- wp:image {\"id\":333,\"sizeSlug\":\"full\",\"linkDestination\":\"none\"} -->\n<figure class=\"wp-block-image size-full\"><img loading=\"lazy\" decoding=\"async\" width=\"886\" height=\"1004\" src=\"https:\/\/adm.debica.pl\/wp-content\/uploads\/2022\/04\/Reklama-o-zarzadzanie-1.jpg\" alt=\"\" class=\"wp-image-333\" srcset=\"https:\/\/adm.debica.pl\/wp-content\/uploads\/2022\/04\/Reklama-o-zarzadzanie-1.jpg 886w, https:\/\/adm.debica.pl\/wp-content\/uploads\/2022\/04\/Reklama-o-zarzadzanie-1-265x300.jpg 265w, https:\/\/adm.debica.pl\/wp-content\/uploads\/2022\/04\/Reklama-o-zarzadzanie-1-768x870.jpg 768w, https:\/\/adm.debica.pl\/wp-content\/uploads\/2022\/04\/Reklama-o-zarzadzanie-1-102x116.jpg 102w\" sizes=\"auto, (max-width: 886px) 100vw, 886px\" \/><\/figure>\n<!-- \/wp:image --><\/div><\/li>\n<li><a class=\"wp-block-latest-posts__post-title\" href=\"https:\/\/adm.debica.pl\/?p=612\">Oferta na zarz\u0105dzanie i administrowanie<\/a><div class=\"wp-block-latest-posts__post-full-content\"><!-- wp:image {\"id\":613,\"sizeSlug\":\"large\",\"linkDestination\":\"none\"} -->\n<figure class=\"wp-block-image size-large\"><img loading=\"lazy\" decoding=\"async\" width=\"724\" height=\"1024\" src=\"https:\/\/adm.debica.pl\/wp-content\/uploads\/2022\/04\/Oferta-na-administrowanie-i-zarzadzanie-724x1024.jpg\" alt=\"\" class=\"wp-image-613\" srcset=\"https:\/\/adm.debica.pl\/wp-content\/uploads\/2022\/04\/Oferta-na-administrowanie-i-zarzadzanie-724x1024.jpg 724w, https:\/\/adm.debica.pl\/wp-content\/uploads\/2022\/04\/Oferta-na-administrowanie-i-zarzadzanie-212x300.jpg 212w, https:\/\/adm.debica.pl\/wp-content\/uploads\/2022\/04\/Oferta-na-administrowanie-i-zarzadzanie-768x1087.jpg 768w, https:\/\/adm.debica.pl\/wp-content\/uploads\/2022\/04\/Oferta-na-administrowanie-i-zarzadzanie-82x116.jpg 82w, https:\/\/adm.debica.pl\/wp-content\/uploads\/2022\/04\/Oferta-na-administrowanie-i-zarzadzanie.jpg 793w\" sizes=\"auto, (max-width: 724px) 100vw, 724px\" \/><\/figure>\n<!-- \/wp:image --><\/div><\/li>\n<li><a class=\"wp-block-latest-posts__post-title\" href=\"https:\/\/adm.debica.pl\/?p=558\">G\u0142\u0119boka modernizacja energetyczna budynk\u00f3w 6 wsp\u00f3lnot mieszkaniowych w D\u0119bicy.<\/a><div class=\"wp-block-latest-posts__post-full-content\"><!-- wp:image {\"id\":559,\"sizeSlug\":\"large\",\"linkDestination\":\"none\"} -->\n<figure class=\"wp-block-image size-large\"><img loading=\"lazy\" decoding=\"async\" width=\"724\" height=\"1024\" src=\"https:\/\/adm.debica.pl\/wp-content\/uploads\/2022\/04\/Gleboka-modernizacja-energetyczna-6-wspolnot-mieszkaniowych-w-Debicy2-724x1024.jpg\" alt=\"\" class=\"wp-image-559\" srcset=\"https:\/\/adm.debica.pl\/wp-content\/uploads\/2022\/04\/Gleboka-modernizacja-energetyczna-6-wspolnot-mieszkaniowych-w-Debicy2-724x1024.jpg 724w, https:\/\/adm.debica.pl\/wp-content\/uploads\/2022\/04\/Gleboka-modernizacja-energetyczna-6-wspolnot-mieszkaniowych-w-Debicy2-212x300.jpg 212w, https:\/\/adm.debica.pl\/wp-content\/uploads\/2022\/04\/Gleboka-modernizacja-energetyczna-6-wspolnot-mieszkaniowych-w-Debicy2-768x1087.jpg 768w, https:\/\/adm.debica.pl\/wp-content\/uploads\/2022\/04\/Gleboka-modernizacja-energetyczna-6-wspolnot-mieszkaniowych-w-Debicy2-82x116.jpg 82w, https:\/\/adm.debica.pl\/wp-content\/uploads\/2022\/04\/Gleboka-modernizacja-energetyczna-6-wspolnot-mieszkaniowych-w-Debicy2.jpg 793w\" sizes=\"auto, (max-width: 724px) 100vw, 724px\" \/><\/figure>\n<!-- \/wp:image --><\/div><\/li>\n<\/ul>\n\n\n<p>Informacja 31.07.2024<\/p>\n\n\n\n<figure class=\"wp-block-image size-large\"><img loading=\"lazy\" decoding=\"async\" width=\"1024\" height=\"701\" src=\"https:\/\/adm.debica.pl\/wp-content\/uploads\/2024\/07\/Zrzut-ekranu-2024-07-31-185810-1024x701.png\" alt=\"\" class=\"wp-image-745\" srcset=\"https:\/\/adm.debica.pl\/wp-content\/uploads\/2024\/07\/Zrzut-ekranu-2024-07-31-185810-1024x701.png 1024w, https:\/\/adm.debica.pl\/wp-content\/uploads\/2024\/07\/Zrzut-ekranu-2024-07-31-185810-300x205.png 300w, https:\/\/adm.debica.pl\/wp-content\/uploads\/2024\/07\/Zrzut-ekranu-2024-07-31-185810-768x526.png 768w, https:\/\/adm.debica.pl\/wp-content\/uploads\/2024\/07\/Zrzut-ekranu-2024-07-31-185810-169x116.png 169w, https:\/\/adm.debica.pl\/wp-content\/uploads\/2024\/07\/Zrzut-ekranu-2024-07-31-185810.png 1222w\" sizes=\"auto, (max-width: 1024px) 100vw, 1024px\" \/><\/figure>\n\n\n\n<p><\/p>\n\n\n\n<p><\/p>\n","protected":false},"excerpt":{"rendered":"<p>Informacja 31.07.2024<\/p>\n","protected":false},"author":1,"featured_media":0,"parent":0,"menu_order":0,"comment_status":"closed","ping_status":"closed","template":"","meta":{"footnotes":""},"class_list":["post-18","page","type-page","status-publish","hentry"],"_links":{"self":[{"href":"https:\/\/adm.debica.pl\/index.php?rest_route=\/wp\/v2\/pages\/18","targetHints":{"allow":["GET"]}}],"collection":[{"href":"https:\/\/adm.debica.pl\/index.php?rest_route=\/wp\/v2\/pages"}],"about":[{"href":"https:\/\/adm.debica.pl\/index.php?rest_route=\/wp\/v2\/types\/page"}],"author":[{"embeddable":true,"href":"https:\/\/adm.debica.pl\/index.php?rest_route=\/wp\/v2\/users\/1"}],"replies":[{"embeddable":true,"href":"https:\/\/adm.debica.pl\/index.php?rest_route=%2Fwp%2Fv2%2Fcomments&post=18"}],"version-history":[{"count":8,"href":"https:\/\/adm.debica.pl\/index.php?rest_route=\/wp\/v2\/pages\/18\/revisions"}],"predecessor-version":[{"id":764,"href":"https:\/\/adm.debica.pl\/index.php?rest_route=\/wp\/v2\/pages\/18\/revisions\/764"}],"wp:attachment":[{"href":"https:\/\/adm.debica.pl\/index.php?rest_route=%2Fwp%2Fv2%2Fmedia&parent=18"}],"curies":[{"name":"wp","href":"https:\/\/api.w.org\/{rel}","templated":true}]}}