{"id":22,"date":"2022-04-25T17:20:00","date_gmt":"2022-04-25T15:20:00","guid":{"rendered":"https:\/\/adm.debica.pl\/?page_id=22"},"modified":"2023-09-12T09:40:09","modified_gmt":"2023-09-12T07:40:09","slug":"o-firmie","status":"publish","type":"page","link":"https:\/\/adm.debica.pl\/?page_id=22","title":{"rendered":"O FIRMIE"},"content":{"rendered":"<p style=\"text-align: justify;\">Administracja Dom\u00f3w Mieszkalnych Sp. z o.o. zosta\u0142a powo\u0142ana aktem notarialnym w dniu 08 wrze\u015bnia 2006. Kapita\u0142 zak\u0142adowy Sp\u00f3\u0142ki wynosi 1.627.000 (jeden milion sze\u015b\u0107set dwadzie\u015bcia siedem tysi\u0119cy 0\/00) z\u0142otych i w ca\u0142o\u015bci zosta\u0142 wniesiony przez Gmin\u0119 Miasto D\u0119bica. ADM Sp. z o.o. zosta\u0142a powo\u0142ana w celu prowadzenia dzia\u0142alno\u015bci gospodarczej w zakresie bie\u017c\u0105cego zaspokajania zbiorowych potrzeb ludno\u015bci w drodze \u015bwiadczenia us\u0142ug.<\/p>\n<h2 style=\"text-align: justify;\">Podstawowym przedmiotem dzia\u0142alno\u015bci Sp\u00f3\u0142ki jest zarz\u0105dzanie i administrowanie lokalami mieszkalnymi i u\u017cytkowymi b\u0119d\u0105cymi w\u0142asno\u015bci\u0105 Gminy Miejskiej D\u0119bica.<\/h2>\n<h3 style=\"text-align: justify;\">Pozosta\u0142a dzia\u0142alno\u015b\u0107 Sp\u00f3\u0142ki obejmuje mi\u0119dzy innymi:<\/h3>\n<p style=\"text-align: justify;\">\u25ba zarz\u0105dzanie nieruchomo\u015bciami w tym przede wszystkim nieruchomo\u015bciami wsp\u00f3lnot mieszkaniowych;<\/p>\n<p style=\"text-align: justify;\">\u25ba wykonywanie i nadzorowanie prac remontowych lokali b\u0119d\u0105cych w zasobach Miasta Gminy D\u0119bica;<\/p>\n<p style=\"text-align: justify;\">\u25ba podejmowanie inicjatyw i dzia\u0142a\u0144 inwestycyjnych ( budowanie nowych lokali );<\/p>\n<h3 style=\"text-align: justify;\">Stawka czynszowa.<\/h3>\n<p style=\"text-align: justify;\">Stawka op\u0142at za mieszkanie okre\u015blana jest na podstawie oceny punktowej lokalu i wynosi obecnie 0,1550 z\u0142\/m\u00b2\/m-c.<\/p>\n<h3 style=\"text-align: justify;\">Mocne strony:<\/h3>\n<p style=\"text-align: justify;\">\u25ba wyspecjalizowana kadra zarz\u0105dzaj\u0105ca nieruchomo\u015bciami;<\/p>\n<p style=\"text-align: justify;\">\u25ba wieloletnie do\u015bwiadczenie w zarz\u0105dzaniu;<\/p>\n<p style=\"text-align: justify;\">\u25ba rozpoznawalna marka firmy;<\/p>\n<p style=\"text-align: justify;\">\u25ba podwy\u017cszenie kapita\u0142u zak\u0142adowego Sp\u00f3\u0142ki, poprzez aport nieruchomo\u015bci, co zwi\u0119ksza mo\u017cliwo\u015bci inwestycyjne;<\/p>\n<h3 style=\"text-align: justify;\">Cele:<\/h3>\n<p style=\"text-align: justify;\"><em>\u25ba Zwi\u0119kszenie zasob\u00f3w, kt\u00f3rymi zarz\u0105dza Sp\u00f3\u0142ka poprzez nadbudow\u0119, budow\u0119 nowych budynk\u00f3w, przejmowanie budynk\u00f3w od innych zarz\u0105d\u00f3w.<\/em><\/p>\n<p style=\"text-align: justify;\"><em>\u25ba Remonty istniej\u0105cych budynk\u00f3w b\u0119d\u0105cych w zarz\u0105dzie Sp\u00f3\u0142ki.<\/em><\/p>\n<p style=\"text-align: justify;\"><em>\u25ba Poszerzenie dzia\u0142alno\u015bci Sp\u00f3\u0142ki o \u015bwiadczenie nowych us\u0142ug (np. prace porz\u0105dkowe na terenach osiedli)<\/em><\/p>\n<p style=\"text-align: justify;\"><em>\u25ba Zmiana organizacji pracy pracownik\u00f3w.<\/em><\/p>\n<p style=\"text-align: justify;\"><em>\u25ba Pozyskiwanie funduszy zewn\u0119trznych (w ramach rewitalizacji zdegruntowanych obszar\u00f3w miejskich, pozyskiwanie \u015brodk\u00f3w dla wsp\u00f3lnot w ramach termomodernizacji czy te\u017c ulgi remontowej.<\/em><\/p>\n<p style=\"text-align: justify;\"><em>\u25ba Windykacja nale\u017cno\u015bci.<\/em><\/p>\n\n\n<p><\/p>\n","protected":false},"excerpt":{"rendered":"<p>Administracja Dom\u00f3w Mieszkalnych Sp. z o.o. zosta\u0142a powo\u0142ana aktem notarialnym w dniu 08 wrze\u015bnia 2006. Kapita\u0142 zak\u0142adowy Sp\u00f3\u0142ki wynosi 1.627.000 (jeden milion sze\u015b\u0107set dwadzie\u015bcia siedem tysi\u0119cy 0\/00) z\u0142otych i w ca\u0142o\u015bci zosta\u0142 wniesiony przez Gmin\u0119 Miasto D\u0119bica. ADM Sp. z o.o. zosta\u0142a powo\u0142ana w celu prowadzenia dzia\u0142alno\u015bci gospodarczej w zakresie bie\u017c\u0105cego zaspokajania zbiorowych potrzeb ludno\u015bci [&hellip;]<\/p>\n","protected":false},"author":1,"featured_media":0,"parent":0,"menu_order":0,"comment_status":"closed","ping_status":"closed","template":"","meta":{"footnotes":""},"class_list":["post-22","page","type-page","status-publish","hentry"],"_links":{"self":[{"href":"https:\/\/adm.debica.pl\/index.php?rest_route=\/wp\/v2\/pages\/22","targetHints":{"allow":["GET"]}}],"collection":[{"href":"https:\/\/adm.debica.pl\/index.php?rest_route=\/wp\/v2\/pages"}],"about":[{"href":"https:\/\/adm.debica.pl\/index.php?rest_route=\/wp\/v2\/types\/page"}],"author":[{"embeddable":true,"href":"https:\/\/adm.debica.pl\/index.php?rest_route=\/wp\/v2\/users\/1"}],"replies":[{"embeddable":true,"href":"https:\/\/adm.debica.pl\/index.php?rest_route=%2Fwp%2Fv2%2Fcomments&post=22"}],"version-history":[{"count":19,"href":"https:\/\/adm.debica.pl\/index.php?rest_route=\/wp\/v2\/pages\/22\/revisions"}],"predecessor-version":[{"id":721,"href":"https:\/\/adm.debica.pl\/index.php?rest_route=\/wp\/v2\/pages\/22\/revisions\/721"}],"wp:attachment":[{"href":"https:\/\/adm.debica.pl\/index.php?rest_route=%2Fwp%2Fv2%2Fmedia&parent=22"}],"curies":[{"name":"wp","href":"https:\/\/api.w.org\/{rel}","templated":true}]}}