{"id":26,"date":"2022-04-25T17:20:36","date_gmt":"2022-04-25T15:20:36","guid":{"rendered":"https:\/\/adm.debica.pl\/?page_id=26"},"modified":"2024-08-09T12:52:00","modified_gmt":"2024-08-09T10:52:00","slug":"kontakt","status":"publish","type":"page","link":"https:\/\/adm.debica.pl\/?page_id=26","title":{"rendered":"Kontakt"},"content":{"rendered":"\t\t<div data-elementor-type=\"wp-page\" data-elementor-id=\"26\" class=\"elementor elementor-26\">\n\t\t\t\t\t\t\t\t\t<section class=\"elementor-section elementor-top-section elementor-element elementor-element-ce59388 elementor-section-full_width elementor-section-content-top elementor-section-height-default elementor-section-height-default\" data-id=\"ce59388\" data-element_type=\"section\">\n\t\t\t\t\t\t<div class=\"elementor-container elementor-column-gap-no\">\n\t\t\t\t\t<div class=\"elementor-column elementor-col-33 elementor-top-column elementor-element elementor-element-198834c\" data-id=\"198834c\" data-element_type=\"column\">\n\t\t\t<div class=\"elementor-widget-wrap elementor-element-populated\">\n\t\t\t\t\t\t\t\t<div class=\"elementor-element elementor-element-7ac7293 elementor-widget elementor-widget-text-editor\" data-id=\"7ac7293\" data-element_type=\"widget\" data-widget_type=\"text-editor.default\">\n\t\t\t\t<div class=\"elementor-widget-container\">\n\t\t\t<style>\/*! elementor - v3.6.5 - 27-04-2022 *\/\n.elementor-widget-text-editor.elementor-drop-cap-view-stacked .elementor-drop-cap{background-color:#818a91;color:#fff}.elementor-widget-text-editor.elementor-drop-cap-view-framed .elementor-drop-cap{color:#818a91;border:3px solid;background-color:transparent}.elementor-widget-text-editor:not(.elementor-drop-cap-view-default) .elementor-drop-cap{margin-top:8px}.elementor-widget-text-editor:not(.elementor-drop-cap-view-default) .elementor-drop-cap-letter{width:1em;height:1em}.elementor-widget-text-editor .elementor-drop-cap{float:left;text-align:center;line-height:1;font-size:50px}.elementor-widget-text-editor .elementor-drop-cap-letter{display:inline-block}<\/style>\t\t\t\t<p style=\"text-align: center; color: #abd405;\"><strong>Administracja Dom\u00f3w Mieszkalnych Sp. z o.o.<\/strong><\/p>\n<p style=\"text-align: center;\">ul. Raczy\u0144skich 7<\/p>\n<p style=\"text-align: center;\">39-200 D\u0119bica<\/p>\n<p style=\"text-align: center;\">tel. 14 681 47 20<\/p>\n<p style=\"text-align: center;\">NIP 872 22 76 916<\/p>\n<p style=\"text-align: center;\">Sekretariat:<br>sekretariat@adm.debica.pl<\/p>\n<p style=\"text-align: center;\">Gospodarka Zasobami Lokalowymi:<br>administracja@adm.debica.pl<\/p>\n<p><a href=\"https:\/\/adm.debica.pl\/?page_id=472\"><img decoding=\"async\" src=\"https:\/\/adm.debica.pl\/wp-content\/uploads\/2022\/04\/wodomierz.png\" alt=\"Podaj stan wodomierza przez internet\"><br>&gt;&gt;Podaj stan wodomierza&lt;&lt;<\/a><\/p>\n<p><\/p>\n<p class=\"western\">Godziny urz\u0119dowania ADM Sp. z o.o.<\/p>\n<p class=\"western\">Poniedzia\u0142ek 7.00 \u2013 15.00<\/p>\n<p class=\"western\">Wtorek 7.00 \u2013 15.00<\/p>\n<p class=\"western\">\u015aroda 7.00 \u2013 17.00<\/p>\n<p class=\"western\">Czwartek 7.00 \u2013 15.00<\/p>\n<p>Pi\u0105tek 7.00 \u2013 15.00&nbsp;<\/p>\n<p><\/p>\n<p>W razie awarii prosz\u0119 dzowni\u0107 pod numery:<\/p>\n<p>tel. 502 267 422 &#8211; awarie wod-kan, gaz, co.<\/p>\n<p>tel. 667 788 758 &#8211; awarie elektryczne.<\/p>\t\t\t\t\t\t<\/div>\n\t\t\t\t<\/div>\n\t\t\t\t\t<\/div>\n\t\t<\/div>\n\t\t\t\t<div class=\"elementor-column elementor-col-66 elementor-top-column elementor-element elementor-element-10b792e\" data-id=\"10b792e\" data-element_type=\"column\">\n\t\t\t<div class=\"elementor-widget-wrap elementor-element-populated\">\n\t\t\t\t\t\t\t\t<div class=\"elementor-element elementor-element-87842f2 elementor-widget elementor-widget-google_maps\" data-id=\"87842f2\" data-element_type=\"widget\" data-widget_type=\"google_maps.default\">\n\t\t\t\t<div class=\"elementor-widget-container\">\n\t\t\t<style>\/*! elementor - v3.6.5 - 27-04-2022 *\/\n.elementor-widget-google_maps .elementor-widget-container{overflow:hidden}.elementor-widget-google_maps iframe{height:300px}<\/style>\t\t<div class=\"elementor-custom-embed\">\n\t\t\t<iframe frameborder=\"0\" scrolling=\"no\" marginheight=\"0\" marginwidth=\"0\"\n\t\t\t\t\tsrc=\"https:\/\/maps.google.com\/maps?q=ADM%20D%C4%99bica&#038;t=m&#038;z=17&#038;output=embed&#038;iwloc=near\"\n\t\t\t\t\ttitle=\"ADM D\u0119bica\"\n\t\t\t\t\taria-label=\"ADM D\u0119bica\"\n\t\t\t><\/iframe>\n\t\t<\/div>\n\t\t\t\t<\/div>\n\t\t\t\t<\/div>\n\t\t\t\t\t<\/div>\n\t\t<\/div>\n\t\t\t\t\t\t\t<\/div>\n\t\t<\/section>\n\t\t\t\t\t\t\t<\/div>\n\t\t","protected":false},"excerpt":{"rendered":"<p>Administracja Dom\u00f3w Mieszkalnych Sp. z o.o. ul. Raczy\u0144skich 7 39-200 D\u0119bica tel. 14 681 47 20 NIP 872 22 76 916 Sekretariat:sekretariat@adm.debica.pl Gospodarka Zasobami Lokalowymi:administracja@adm.debica.pl &gt;&gt;Podaj stan wodomierza&lt;&lt; Godziny urz\u0119dowania ADM Sp. z o.o. Poniedzia\u0142ek 7.00 \u2013 15.00 Wtorek 7.00 \u2013 15.00 \u015aroda 7.00 \u2013 17.00 Czwartek 7.00 \u2013 15.00 Pi\u0105tek 7.00 \u2013 15.00&nbsp; W [&hellip;]<\/p>\n","protected":false},"author":1,"featured_media":0,"parent":0,"menu_order":0,"comment_status":"closed","ping_status":"closed","template":"elementor_header_footer","meta":{"footnotes":""},"class_list":["post-26","page","type-page","status-publish","hentry"],"_links":{"self":[{"href":"https:\/\/adm.debica.pl\/index.php?rest_route=\/wp\/v2\/pages\/26","targetHints":{"allow":["GET"]}}],"collection":[{"href":"https:\/\/adm.debica.pl\/index.php?rest_route=\/wp\/v2\/pages"}],"about":[{"href":"https:\/\/adm.debica.pl\/index.php?rest_route=\/wp\/v2\/types\/page"}],"author":[{"embeddable":true,"href":"https:\/\/adm.debica.pl\/index.php?rest_route=\/wp\/v2\/users\/1"}],"replies":[{"embeddable":true,"href":"https:\/\/adm.debica.pl\/index.php?rest_route=%2Fwp%2Fv2%2Fcomments&post=26"}],"version-history":[{"count":38,"href":"https:\/\/adm.debica.pl\/index.php?rest_route=\/wp\/v2\/pages\/26\/revisions"}],"predecessor-version":[{"id":753,"href":"https:\/\/adm.debica.pl\/index.php?rest_route=\/wp\/v2\/pages\/26\/revisions\/753"}],"wp:attachment":[{"href":"https:\/\/adm.debica.pl\/index.php?rest_route=%2Fwp%2Fv2%2Fmedia&parent=26"}],"curies":[{"name":"wp","href":"https:\/\/api.w.org\/{rel}","templated":true}]}}