{"id":385,"date":"2022-04-27T17:08:35","date_gmt":"2022-04-27T15:08:35","guid":{"rendered":"https:\/\/adm.debica.pl\/?page_id=385"},"modified":"2022-04-27T17:10:56","modified_gmt":"2022-04-27T15:10:56","slug":"rodo","status":"publish","type":"page","link":"https:\/\/adm.debica.pl\/?page_id=385","title":{"rendered":"RODO"},"content":{"rendered":"<h3><b>Informacje dotycz\u0105ce przetwarzania danych osobowych<\/b><\/h3>\n<ol>\n<li>\n<p class=\"western\" align=\"justify\">Administratorem danych osobowych jest: Administracja Dom\u00f3w Mieszkalnych Sp\u00f3\u0142ka z o.o. z siedzib\u0105 w D\u0119bicy ul. Raczy\u0144skich 7.<\/p>\n<\/li>\n<li>\n<p class=\"western\" align=\"justify\"><span lang=\"pl-PL\">Inspektorem ochrony danych jest \u0141ukasz Paluch Tel. 14\u00a0681 47 20, e-mail:\u00a0<\/span><u><a href=\"mailto:lpaluch@adm.debica.pl\"><span lang=\"pl-PL\">lpaluch@adm.debica.pl<\/span><\/a><\/u><span lang=\"pl-PL\">., adres do korespondencji: ul. Raczy\u0144skich 7, 39-200 D\u0119bica.<\/span><\/p>\n<\/li>\n<li>\n<p class=\"western\" align=\"justify\">Dane osobowe przetwarzane b\u0119d\u0105 w zakresie niezb\u0119dnym do realizacji umowy najmu, umowy zarz\u0105dzania nieruchomo\u015bciami.<\/p>\n<\/li>\n<li>\n<p class=\"western\" align=\"justify\">Dane osobowe mog\u0105 by\u0107 przekazywane podmiotom upowa\u017cnionym do pozyskania danych osobowych na podstawie szczeg\u00f3lnych przepis\u00f3w prawa, bankom, wykonawcom, a tak\u017ce podmiotom przetwarzaj\u0105cym dane osobowe na zlecenie Administratora, m.in. zleceniobiorcom.<\/p>\n<\/li>\n<li>\n<p class=\"western\" align=\"justify\">Dane osobowe b\u0119d\u0105 przechowywane przez okres obowi\u0105zywania umowy najmu, umowy zarz\u0105dzania nieruchomo\u015bciami lub do momentu wyga\u015bni\u0119cia obowi\u0105zku przechowywania danych wynikaj\u0105cego z przepis\u00f3w prawa, w szczeg\u00f3lno\u015bci obowi\u0105zku przechowywania dokument\u00f3w ksi\u0119gowych dotycz\u0105cych umowy najmu, umowy zarz\u0105dzania nieruchomo\u015bciami.<\/p>\n<\/li>\n<li>\n<p class=\"western\" align=\"justify\">Posiadaj\u0105 Pa\u0144stwo prawo dost\u0119pu do tre\u015bci swoich danych oraz prawo do ich sprostowania, usuni\u0119cia, ograniczenia przetwarzania, prawo do przenoszenia danych, prawo wniesienia sprzeciwu, prawo do cofni\u0119cia zgody w dowolnym momencie bez wp\u0142ywu na zgodno\u015b\u0107 z prawem przetwarzania , kt\u00f3rego dokonano na podstawie zgody przed jej cofni\u0119ciem.<\/p>\n<\/li>\n<li>\n<p class=\"western\" align=\"justify\">Maj\u0105 Pa\u0144stwo prawo wniesienia skargi do Prezesa Urz\u0119du Ochrony Danych Osobowych zakresie naruszenia prawa do ochrony danych osobowych lub innych praw przyznanych na mocy RODO.<\/p>\n<\/li>\n<li>\n<p class=\"western\" align=\"justify\">Podanie danych osobowych jest warunkiem zawarcia umowy najmu, umowy zarz\u0105dzania nieruchomo\u015bciami. Podanie danych osobowych jest niezb\u0119dne do obs\u0142ugi w\u0142a\u015bcicieli i najemc\u00f3w mieszka\u0144 komunalnych \u2013 bez podania danych osobowych obs\u0142uga najemc\u00f3w mieszka\u0144 komunalnych i w\u0142a\u015bcicieli nie jest mo\u017cliwa.<\/p>\n<\/li>\n<\/ol>\n","protected":false},"excerpt":{"rendered":"<p>Informacje dotycz\u0105ce przetwarzania danych osobowych Administratorem danych osobowych jest: Administracja Dom\u00f3w Mieszkalnych Sp\u00f3\u0142ka z o.o. z siedzib\u0105 w D\u0119bicy ul. Raczy\u0144skich 7. Inspektorem ochrony danych jest \u0141ukasz Paluch Tel. 14\u00a0681 47 20, e-mail:\u00a0lpaluch@adm.debica.pl., adres do korespondencji: ul. Raczy\u0144skich 7, 39-200 D\u0119bica. Dane osobowe przetwarzane b\u0119d\u0105 w zakresie niezb\u0119dnym do realizacji umowy najmu, umowy zarz\u0105dzania nieruchomo\u015bciami. [&hellip;]<\/p>\n","protected":false},"author":1,"featured_media":0,"parent":0,"menu_order":0,"comment_status":"closed","ping_status":"closed","template":"","meta":{"footnotes":""},"class_list":["post-385","page","type-page","status-publish","hentry"],"_links":{"self":[{"href":"https:\/\/adm.debica.pl\/index.php?rest_route=\/wp\/v2\/pages\/385","targetHints":{"allow":["GET"]}}],"collection":[{"href":"https:\/\/adm.debica.pl\/index.php?rest_route=\/wp\/v2\/pages"}],"about":[{"href":"https:\/\/adm.debica.pl\/index.php?rest_route=\/wp\/v2\/types\/page"}],"author":[{"embeddable":true,"href":"https:\/\/adm.debica.pl\/index.php?rest_route=\/wp\/v2\/users\/1"}],"replies":[{"embeddable":true,"href":"https:\/\/adm.debica.pl\/index.php?rest_route=%2Fwp%2Fv2%2Fcomments&post=385"}],"version-history":[{"count":2,"href":"https:\/\/adm.debica.pl\/index.php?rest_route=\/wp\/v2\/pages\/385\/revisions"}],"predecessor-version":[{"id":388,"href":"https:\/\/adm.debica.pl\/index.php?rest_route=\/wp\/v2\/pages\/385\/revisions\/388"}],"wp:attachment":[{"href":"https:\/\/adm.debica.pl\/index.php?rest_route=%2Fwp%2Fv2%2Fmedia&parent=385"}],"curies":[{"name":"wp","href":"https:\/\/api.w.org\/{rel}","templated":true}]}}