{"id":696,"date":"2022-05-10T20:41:40","date_gmt":"2022-05-10T18:41:40","guid":{"rendered":"https:\/\/adm.debica.pl\/?page_id=696"},"modified":"2022-05-10T20:41:41","modified_gmt":"2022-05-10T18:41:41","slug":"zakladamy-wspolnoty-mieszkaniowe-w-zasobach-deweloperskich","status":"publish","type":"page","link":"https:\/\/adm.debica.pl\/?page_id=696","title":{"rendered":"Zak\u0142adamy Wsp\u00f3lnoty Mieszkaniowe w zasobach deweloperskich"},"content":{"rendered":"<p style=\"text-align: justify;\">Posiadamy wieloletnie do\u015bwiadczenie w zarz\u0105dzaniu wsp\u00f3lnotami mieszkaniowymi powsta\u0142ymi w wyniku procesu deweloperskiego.<\/p>\n<p style=\"text-align: justify;\">Z chwil\u0105 wyodr\u0119bnienia pierwszego lokalu obowi\u0105zkiem w\u0142a\u015bcicieli jest zwo\u0142anie zebrania w\u0142a\u015bcicieli i wyb\u00f3r zarz\u0105du wsp\u00f3lnoty mieszkaniowej. Zarz\u0105d przy pomocy administratora nieruchomo\u015bci powinien niezw\u0142ocznie zarejestrowa\u0107 wsp\u00f3lnot\u0119 mieszkaniow\u0105 (NIP, REGON) oraz w formie protoko\u0142u zdawczo \u2013 odbiorczego\u00a0 odebra\u0107 dokumentacj\u0119 techniczn\u0105 od dewelopera. Zaleca si\u0119 r\u00f3wnie\u017c podj\u0119cie przez w\u0142a\u015bcicieli uchwa\u0142y w sprawie przyj\u0119cia planu gospodarczego m.in. w celu zabezpieczenia \u015brodk\u00f3w finansowych na np. ubezpieczenie, przegl\u0105dy wymagane prawem, utrzymanie czysto\u015bci nieruchomo\u015bci wsp\u00f3lnej oraz na poczet przysz\u0142ych remont\u00f3w (zaliczka na tzw. fundusz remontowy).\u00a0 Warto pami\u0119ta\u0107, \u017ce nie utworzenie wsp\u00f3lnoty mieszkaniowej nie zwalnia w\u0142a\u015bcicieli z prawnej i finansowej odpowiedzialno\u015bci za nieruchomo\u015b\u0107 np. z tytu\u0142u odpowiedzialno\u015bci cywilnej za szkody wyrz\u0105dzone przez maj\u0105tek stanowi\u0105cy cz\u0119\u015b\u0107 wsp\u00f3ln\u0105 nieruchomo\u015bci. Dlatego te\u017c warto formalnie utworzy\u0107 wsp\u00f3lnot\u0119 mieszkaniow\u0105.<\/p>\n<p style=\"text-align: justify;\">\u00a0<\/p>\n<p style=\"text-align: justify;\"><strong>Deweloper w umowie o ustanowieniu odr\u0119bnej w\u0142asno\u015bci (sprzeda\u017cy) pierwszego lokalu mo\u017ce powierzy\u0107 zarz\u0105d osobie fizycznej albo prawnej.<\/strong> W\u00f3wczas osoba ta zobowi\u0105zana jest zarz\u0105dza\u0107 wsp\u00f3lnot\u0105 mieszkaniow\u0105 zgodnie z ustaw\u0105 o w\u0142asno\u015bci lokali oraz uchwa\u0142ami w\u0142a\u015bcicieli, w tym uchwa\u0142\u0105 okre\u015blaj\u0105c\u0105 wynagrodzenie zarz\u0105dcy.<\/p>\n<p style=\"text-align: justify;\">\u00a0<\/p>\n<p style=\"text-align: justify;\">Naszym klientom udzielamy bezp\u0142atnego wsparcia podczas zak\u0142adania wsp\u00f3lnoty mieszkaniowej w zasobach deweloperskich wraz z przygotowanie koniecznych dokument\u00f3w. Na spotkaniu z\u00a0w\u0142a\u015bcicielami przedstawiamy kalkulacj\u0119 wysoko\u015bci op\u0142at za lokale we wsp\u00f3lnocie mieszkaniowej. Po podj\u0119ciu uchwa\u0142y o utworzeniu wsp\u00f3lnoty mieszkaniowej prowadzimy kompleksow\u0105 obs\u0142ug\u0105 wsp\u00f3lnoty mieszkaniowej zgodnie z przedstawion\u0105 wcze\u015bniej ofert\u0105.<\/p>\n<p style=\"text-align: justify;\">\u00a0<\/p>\n<p style=\"text-align: justify;\">Wycena naszych us\u0142ug:<\/p>\n<p style=\"text-align: justify;\">W przypadku zainteresowania otrzymaniem oferty wraz z szczeg\u00f3\u0142owym zakresem dzia\u0142ania prosimy o kontakt: <a href=\"mailto:sekretariat@adm.debica.pl\">sekretariat@adm.debica.pl<\/a> lub 14\u00a0681 47 20.<\/p>\n\n\n<p><\/p>\n","protected":false},"excerpt":{"rendered":"<p>Posiadamy wieloletnie do\u015bwiadczenie w zarz\u0105dzaniu wsp\u00f3lnotami mieszkaniowymi powsta\u0142ymi w wyniku procesu deweloperskiego. Z chwil\u0105 wyodr\u0119bnienia pierwszego lokalu obowi\u0105zkiem w\u0142a\u015bcicieli jest zwo\u0142anie zebrania w\u0142a\u015bcicieli i wyb\u00f3r zarz\u0105du wsp\u00f3lnoty mieszkaniowej. Zarz\u0105d przy pomocy administratora nieruchomo\u015bci powinien niezw\u0142ocznie zarejestrowa\u0107 wsp\u00f3lnot\u0119 mieszkaniow\u0105 (NIP, REGON) oraz w formie protoko\u0142u zdawczo \u2013 odbiorczego\u00a0 odebra\u0107 dokumentacj\u0119 techniczn\u0105 od dewelopera. Zaleca si\u0119 r\u00f3wnie\u017c [&hellip;]<\/p>\n","protected":false},"author":1,"featured_media":0,"parent":0,"menu_order":0,"comment_status":"closed","ping_status":"closed","template":"","meta":{"footnotes":""},"class_list":["post-696","page","type-page","status-publish","hentry"],"_links":{"self":[{"href":"https:\/\/adm.debica.pl\/index.php?rest_route=\/wp\/v2\/pages\/696","targetHints":{"allow":["GET"]}}],"collection":[{"href":"https:\/\/adm.debica.pl\/index.php?rest_route=\/wp\/v2\/pages"}],"about":[{"href":"https:\/\/adm.debica.pl\/index.php?rest_route=\/wp\/v2\/types\/page"}],"author":[{"embeddable":true,"href":"https:\/\/adm.debica.pl\/index.php?rest_route=\/wp\/v2\/users\/1"}],"replies":[{"embeddable":true,"href":"https:\/\/adm.debica.pl\/index.php?rest_route=%2Fwp%2Fv2%2Fcomments&post=696"}],"version-history":[{"count":1,"href":"https:\/\/adm.debica.pl\/index.php?rest_route=\/wp\/v2\/pages\/696\/revisions"}],"predecessor-version":[{"id":697,"href":"https:\/\/adm.debica.pl\/index.php?rest_route=\/wp\/v2\/pages\/696\/revisions\/697"}],"wp:attachment":[{"href":"https:\/\/adm.debica.pl\/index.php?rest_route=%2Fwp%2Fv2%2Fmedia&parent=696"}],"curies":[{"name":"wp","href":"https:\/\/api.w.org\/{rel}","templated":true}]}}